{"id":8555,"date":"2023-06-06T17:10:00","date_gmt":"2023-06-06T09:10:00","guid":{"rendered":"https:\/\/www.artmuse.ntnu.edu.tw\/?page_id=8555"},"modified":"2023-07-05T16:02:23","modified_gmt":"2023-07-05T08:02:23","slug":"campus_art-en","status":"publish","type":"page","link":"https:\/\/www.artmuse.ntnu.edu.tw\/index.php\/en\/campus_art-en\/","title":{"rendered":"Campus Art Museum"},"content":{"rendered":"\t\t<div data-elementor-type=\"wp-page\" data-elementor-id=\"8555\" class=\"elementor elementor-8555\">\n\t\t\t\t\t\t<section class=\"elementor-section elementor-top-section elementor-element elementor-element-252fd4d elementor-section-boxed elementor-section-height-default elementor-section-height-default\" data-id=\"252fd4d\" data-element_type=\"section\">\n\t\t\t\t\t\t<div class=\"elementor-container elementor-column-gap-default\">\n\t\t\t\t\t<div class=\"elementor-column elementor-col-100 elementor-top-column elementor-element elementor-element-176fb42\" data-id=\"176fb42\" data-element_type=\"column\">\n\t\t\t<div class=\"elementor-widget-wrap elementor-element-populated\">\n\t\t\t\t\t\t<div class=\"elementor-element elementor-element-2026ae2 elementor-widget elementor-widget-text-editor\" data-id=\"2026ae2\" data-element_type=\"widget\" data-widget_type=\"text-editor.default\">\n\t\t\t\t<div class=\"elementor-widget-container\">\n\t\t\t\t\t\t\t\t\t<p style=\"text-align: center;\"><span style=\"color: #808080;\"><a style=\"color: #808080;\" href=\"https:\/\/www.artmuse.ntnu.edu.tw\/index.php\/current_exhibit-en\/\">Current<\/a>\u00a0 <a style=\"color: #808080;\" href=\"https:\/\/www.artmuse.ntnu.edu.tw\/index.php\/en\/past_exhibit-en\/\">Past\u00a0<\/a> <a style=\"color: #808080;\" href=\"https:\/\/www.artmuse.ntnu.edu.tw\/index.php\/en\/campus_art-en\/\">Campus Art<\/a><\/span><\/p><p style=\"text-align: center;\"><span style=\"color: #808080;\">\u257d<\/span><br \/><strong>Campus Art Museum<\/strong><br \/>\u257f<\/p>\t\t\t\t\t\t\t\t<\/div>\n\t\t\t\t<\/div>\n\t\t\t\t\t<\/div>\n\t\t<\/div>\n\t\t\t\t\t<\/div>\n\t\t<\/section>\n\t\t\t\t<section class=\"elementor-section elementor-top-section elementor-element elementor-element-7e25009 elementor-section-boxed elementor-section-height-default elementor-section-height-default\" data-id=\"7e25009\" data-element_type=\"section\">\n\t\t\t\t\t\t<div class=\"elementor-container elementor-column-gap-default\">\n\t\t\t\t\t<div class=\"elementor-column elementor-col-100 elementor-top-column elementor-element elementor-element-e8b35d6\" data-id=\"e8b35d6\" data-element_type=\"column\">\n\t\t\t<div class=\"elementor-widget-wrap elementor-element-populated\">\n\t\t\t\t\t\t<div class=\"elementor-element elementor-element-4c0bbc7 elementor-widget elementor-widget-text-editor\" data-id=\"4c0bbc7\" data-element_type=\"widget\" data-widget_type=\"text-editor.default\">\n\t\t\t\t<div class=\"elementor-widget-container\">\n\t\t\t\t\t\t\t\t\t<p>The campus art museum blueprint is centered on the NTNU Art Museum. It harnesses the energy of campus art and welcomes visitors and residents to admire the public art exhibited at the museum and across the campus. Plans are in place to implement artistic and cultural promotions and community service on the basis of the concept of an ecological museum. Our museum emphasizes not only art but also engagement with the natural environment and scenery of the community. Therefore, NTNU Museum launched the In the Name of Trees: A Community\/Art Project in 2020 to link shops in nearby lanes and alleys and to facilitate art residencies, thereby building community sentiment through the power of art.<\/p><p>\u00a0<\/p><p>NTNU Museum is currently launching a public art project that features Chang Yung-Ta\u2019s <em>Bragi<\/em>, which evokes the essence of poetry. Inspired by the skaldic god of poetry in Norse mythology, this piece is based on our collections of works and employs programming to deconstruct collection images into basic elements that are then reconstructed into a poem on the basis of images and sounds. The installation is presented through a series of activities that are open to students and the general public.<\/p>\t\t\t\t\t\t\t\t<\/div>\n\t\t\t\t<\/div>\n\t\t\t\t\t<\/div>\n\t\t<\/div>\n\t\t\t\t\t<\/div>\n\t\t<\/section>\n\t\t\t\t<section class=\"elementor-section elementor-top-section elementor-element elementor-element-d231aab elementor-section-boxed elementor-section-height-default elementor-section-height-default\" data-id=\"d231aab\" data-element_type=\"section\">\n\t\t\t\t\t\t<div class=\"elementor-container elementor-column-gap-default\">\n\t\t\t\t\t<div class=\"elementor-column elementor-col-100 elementor-top-column elementor-element elementor-element-90b504b\" data-id=\"90b504b\" data-element_type=\"column\">\n\t\t\t<div class=\"elementor-widget-wrap elementor-element-populated\">\n\t\t\t\t\t\t<div class=\"elementor-element elementor-element-6036ee8 elementor-widget elementor-widget-spacer\" data-id=\"6036ee8\" data-element_type=\"widget\" data-widget_type=\"spacer.default\">\n\t\t\t\t<div class=\"elementor-widget-container\">\n\t\t\t\t\t\t\t<div class=\"elementor-spacer\">\n\t\t\t<div class=\"elementor-spacer-inner\"><\/div>\n\t\t<\/div>\n\t\t\t\t\t\t<\/div>\n\t\t\t\t<\/div>\n\t\t\t\t<div class=\"elementor-element elementor-element-c08045f elementor-widget elementor-widget-image\" data-id=\"c08045f\" data-element_type=\"widget\" data-widget_type=\"image.default\">\n\t\t\t\t<div class=\"elementor-widget-container\">\n\t\t\t\t\t\t\t\t\t\t\t\t<figure class=\"wp-caption\">\n\t\t\t\t\t\t\t\t\t\t<img decoding=\"async\" src=\"https:\/\/www.artmuse.ntnu.edu.tw\/wp-content\/uploads\/2023\/06\/%E5%B8%AB%E5%A4%A7%E7%BE%8E%E8%A1%93%E9%A4%A8Bragi_%E7%8F%BE%E5%A0%B4%E5%AF%A6%E6%99%AF%E7%85%A7-1024x640.jpg\" title=\"\" alt=\"\" loading=\"lazy\" \/>\t\t\t\t\t\t\t\t\t\t\t<figcaption class=\"widget-image-caption wp-caption-text\">\u5f35\u6c38\u9054\u5de5\u4f5c\u5ba4\u63d0\u4f9b<\/figcaption>\n\t\t\t\t\t\t\t\t\t\t<\/figure>\n\t\t\t\t\t\t\t\t\t<\/div>\n\t\t\t\t<\/div>\n\t\t\t\t<div class=\"elementor-element elementor-element-b68f5fe elementor-widget elementor-widget-image\" data-id=\"b68f5fe\" data-element_type=\"widget\" data-widget_type=\"image.default\">\n\t\t\t\t<div class=\"elementor-widget-container\">\n\t\t\t\t\t\t\t\t\t\t\t\t<figure class=\"wp-caption\">\n\t\t\t\t\t\t\t\t\t\t<img decoding=\"async\" src=\"https:\/\/www.artmuse.ntnu.edu.tw\/wp-content\/uploads\/2023\/06\/%E5%B8%AB%E5%A4%A7%E7%BE%8E%E8%A1%93%E9%A4%A8Bragi_%E7%8F%BE%E5%A0%B4%E4%B8%80%E6%99%AF-1024x576.jpg\" title=\"\" alt=\"\" loading=\"lazy\" \/>\t\t\t\t\t\t\t\t\t\t\t<figcaption class=\"widget-image-caption wp-caption-text\">\u73fe\u5834\u5be6\u666f\u62cd\u651d<\/figcaption>\n\t\t\t\t\t\t\t\t\t\t<\/figure>\n\t\t\t\t\t\t\t\t\t<\/div>\n\t\t\t\t<\/div>\n\t\t\t\t<div class=\"elementor-element elementor-element-42a9787 elementor-widget elementor-widget-spacer\" data-id=\"42a9787\" data-element_type=\"widget\" data-widget_type=\"spacer.default\">\n\t\t\t\t<div class=\"elementor-widget-container\">\n\t\t\t\t\t\t\t<div class=\"elementor-spacer\">\n\t\t\t<div class=\"elementor-spacer-inner\"><\/div>\n\t\t<\/div>\n\t\t\t\t\t\t<\/div>\n\t\t\t\t<\/div>\n\t\t\t\t<div class=\"elementor-element elementor-element-fe9d87b elementor-widget elementor-widget-text-editor\" data-id=\"fe9d87b\" data-element_type=\"widget\" data-widget_type=\"text-editor.default\">\n\t\t\t\t<div class=\"elementor-widget-container\">\n\t\t\t\t\t\t\t\t\t<p><strong>Title\uff5cBragi<\/strong><\/p><p>Dimensions\uff5cCube Installation: 110.5 \u00d7 110.5 \u00d7 110.5 cm; Video Installation: 179 \u00d7 156 \u00d7 9.7 cm; Directional Speaker: 60.1 \u00d7 60.1 \u00d7 3.4 cm; Overall Space: 587 \u00d7 387 \u00d7 426 cm<br \/>Media\uff5cComputer, directional speaker, screen, LED module, glass, unidirectional glass film<\/p><p><strong>Description<\/strong><\/p><p>Echoing the contemporary expression of art museums in the new century, \u201cBragi\u201d builds a three-dimensional relationship in space, employing technology and a minimal form \u2013 a mirrored cube, data, and sound. The work creates a soundscape exclusive to the National Taiwan Normal University Art Museum by analyzing the data of the museum\u2019s collection with a computer algorithm, expressed as an audiovisual installation with visual, auditory and spatial elements. Thus, visitors may experience a new connection between themselves and the work through multiple senses, exploring the details of architecture, environment and space.<\/p><p><strong>Artist: Chang Yung-Ta<\/strong><\/p><p>Chang\u2019s creations focus on the physical phenomena (including sounds) in our lives that are subtle and often overlooked, and they consider the relationships among people, technology, and the environment through experiments and research involving sounds, materials, science, and data. Chang wishes to encourage the contemporary individual, who lives in a highly visual environment, to use other senses to experience and explore the world. Chang\u2019s art is presented in various forms such as audiovisual works, experimental sounds, sound installations, and live performances, which have been exhibited at solo exhibitions, group exhibitions, and art festivals in museums across Asia, Europe, North America, and South America, such as the Centre Pompidou-Metz (2021), the Taipei Biennial (2020), the National Taichung Theater (2019), ARTEFACT: Chernobyl 33 (2019), Digital Art Festival Taipei (2017), City Sonic: International Sound Art(s) Festival (2015), the Hong Kong Arts Centre (2013), and the 01SJ Biennial (2010).<\/p>\t\t\t\t\t\t\t\t<\/div>\n\t\t\t\t<\/div>\n\t\t\t\t<div class=\"elementor-element elementor-element-3853110 elementor-widget elementor-widget-spacer\" data-id=\"3853110\" data-element_type=\"widget\" data-widget_type=\"spacer.default\">\n\t\t\t\t<div class=\"elementor-widget-container\">\n\t\t\t\t\t\t\t<div class=\"elementor-spacer\">\n\t\t\t<div class=\"elementor-spacer-inner\"><\/div>\n\t\t<\/div>\n\t\t\t\t\t\t<\/div>\n\t\t\t\t<\/div>\n\t\t\t\t<div class=\"elementor-element elementor-element-fea67a1 elementor-widget elementor-widget-button\" data-id=\"fea67a1\" data-element_type=\"widget\" data-widget_type=\"button.default\">\n\t\t\t\t<div class=\"elementor-widget-container\">\n\t\t\t\t\t\t\t\t\t<div class=\"elementor-button-wrapper\">\n\t\t\t\t\t<a class=\"elementor-button elementor-button-link elementor-size-sm\" href=\"https:\/\/www.artmuse.ntnu.edu.tw\/wp-content\/uploads\/2023\/06\/Bragi%E8%AA%AA%E6%98%8E%E7%89%8Cfinal.pdf\" target=\"_blank\">\n\t\t\t\t\t\t<span class=\"elementor-button-content-wrapper\">\n\t\t\t\t\t\t\t\t\t<span class=\"elementor-button-text\">More Guide<\/span>\n\t\t\t\t\t<\/span>\n\t\t\t\t\t<\/a>\n\t\t\t\t<\/div>\n\t\t\t\t\t\t\t\t<\/div>\n\t\t\t\t<\/div>\n\t\t\t\t<div class=\"elementor-element elementor-element-b6f08ca elementor-widget elementor-widget-spacer\" data-id=\"b6f08ca\" data-element_type=\"widget\" data-widget_type=\"spacer.default\">\n\t\t\t\t<div class=\"elementor-widget-container\">\n\t\t\t\t\t\t\t<div class=\"elementor-spacer\">\n\t\t\t<div class=\"elementor-spacer-inner\"><\/div>\n\t\t<\/div>\n\t\t\t\t\t\t<\/div>\n\t\t\t\t<\/div>\n\t\t\t\t\t<\/div>\n\t\t<\/div>\n\t\t\t\t\t<\/div>\n\t\t<\/section>\n\t\t\t\t<\/div>\n\t\t","protected":false},"excerpt":{"rendered":"<p>Current\u00a0 Past\u00a0 Campus Art \u257dCampus Art Museum\u257f The campu [&hellip;]<\/p>\n","protected":false},"author":16,"featured_media":0,"parent":0,"menu_order":0,"comment_status":"closed","ping_status":"closed","template":"","meta":{"ocean_post_layout":"","ocean_both_sidebars_style":"","ocean_both_sidebars_content_width":0,"ocean_both_sidebars_sidebars_width":0,"ocean_sidebar":"0","ocean_second_sidebar":"0","ocean_disable_margins":"enable","ocean_add_body_class":"","ocean_shortcode_before_top_bar":"","ocean_shortcode_after_top_bar":"","ocean_shortcode_before_header":"","ocean_shortcode_after_header":"","ocean_has_shortcode":"","ocean_shortcode_after_title":"","ocean_shortcode_before_footer_widgets":"","ocean_shortcode_after_footer_widgets":"","ocean_shortcode_before_footer_bottom":"","ocean_shortcode_after_footer_bottom":"","ocean_display_top_bar":"default","ocean_display_header":"default","ocean_header_style":"","ocean_center_header_left_menu":"0","ocean_custom_header_template":"0","ocean_custom_logo":0,"ocean_custom_retina_logo":0,"ocean_custom_logo_max_width":0,"ocean_custom_logo_tablet_max_width":0,"ocean_custom_logo_mobile_max_width":0,"ocean_custom_logo_max_height":0,"ocean_custom_logo_tablet_max_height":0,"ocean_custom_logo_mobile_max_height":0,"ocean_header_custom_menu":"0","ocean_menu_typo_font_family":"0","ocean_menu_typo_font_subset":"","ocean_menu_typo_font_size":0,"ocean_menu_typo_font_size_tablet":0,"ocean_menu_typo_font_size_mobile":0,"ocean_menu_typo_font_size_unit":"px","ocean_menu_typo_font_weight":"","ocean_menu_typo_font_weight_tablet":"","ocean_menu_typo_font_weight_mobile":"","ocean_menu_typo_transform":"","ocean_menu_typo_transform_tablet":"","ocean_menu_typo_transform_mobile":"","ocean_menu_typo_line_height":0,"ocean_menu_typo_line_height_tablet":0,"ocean_menu_typo_line_height_mobile":0,"ocean_menu_typo_line_height_unit":"","ocean_menu_typo_spacing":0,"ocean_menu_typo_spacing_tablet":0,"ocean_menu_typo_spacing_mobile":0,"ocean_menu_typo_spacing_unit":"","ocean_menu_link_color":"","ocean_menu_link_color_hover":"","ocean_menu_link_color_active":"","ocean_menu_link_background":"","ocean_menu_link_hover_background":"","ocean_menu_link_active_background":"","ocean_menu_social_links_bg":"","ocean_menu_social_hover_links_bg":"","ocean_menu_social_links_color":"","ocean_menu_social_hover_links_color":"","ocean_disable_title":"default","ocean_disable_heading":"default","ocean_post_title":"","ocean_post_subheading":"","ocean_post_title_style":"","ocean_post_title_background_color":"","ocean_post_title_background":0,"ocean_post_title_bg_image_position":"","ocean_post_title_bg_image_attachment":"","ocean_post_title_bg_image_repeat":"","ocean_post_title_bg_image_size":"","ocean_post_title_height":0,"ocean_post_title_bg_overlay":0.5,"ocean_post_title_bg_overlay_color":"","ocean_disable_breadcrumbs":"default","ocean_breadcrumbs_color":"","ocean_breadcrumbs_separator_color":"","ocean_breadcrumbs_links_color":"","ocean_breadcrumbs_links_hover_color":"","ocean_display_footer_widgets":"default","ocean_display_footer_bottom":"default","ocean_custom_footer_template":"0","footnotes":""},"class_list":["post-8555","page","type-page","status-publish","hentry","entry"],"_links":{"self":[{"href":"https:\/\/www.artmuse.ntnu.edu.tw\/index.php\/wp-json\/wp\/v2\/pages\/8555","targetHints":{"allow":["GET"]}}],"collection":[{"href":"https:\/\/www.artmuse.ntnu.edu.tw\/index.php\/wp-json\/wp\/v2\/pages"}],"about":[{"href":"https:\/\/www.artmuse.ntnu.edu.tw\/index.php\/wp-json\/wp\/v2\/types\/page"}],"author":[{"embeddable":true,"href":"https:\/\/www.artmuse.ntnu.edu.tw\/index.php\/wp-json\/wp\/v2\/users\/16"}],"replies":[{"embeddable":true,"href":"https:\/\/www.artmuse.ntnu.edu.tw\/index.php\/wp-json\/wp\/v2\/comments?post=8555"}],"version-history":[{"count":34,"href":"https:\/\/www.artmuse.ntnu.edu.tw\/index.php\/wp-json\/wp\/v2\/pages\/8555\/revisions"}],"predecessor-version":[{"id":8876,"href":"https:\/\/www.artmuse.ntnu.edu.tw\/index.php\/wp-json\/wp\/v2\/pages\/8555\/revisions\/8876"}],"wp:attachment":[{"href":"https:\/\/www.artmuse.ntnu.edu.tw\/index.php\/wp-json\/wp\/v2\/media?parent=8555"}],"curies":[{"name":"wp","href":"https:\/\/api.w.org\/{rel}","templated":true}]}}